{"id":23,"date":"2014-05-07T20:11:25","date_gmt":"2014-05-07T18:11:25","guid":{"rendered":"http:\/\/www.doskay.de\/?page_id=23"},"modified":"2019-05-16T15:22:44","modified_gmt":"2019-05-16T13:22:44","slug":"ueber-diesen-blog","status":"publish","type":"page","link":"https:\/\/www.doskay.de\/","title":{"rendered":"About"},"content":{"rendered":"\n<div class=\"wp-block-media-text alignwide\" style=\"grid-template-columns:13% auto\"><figure class=\"wp-block-media-text__media\"><img decoding=\"async\" loading=\"lazy\" width=\"138\" height=\"147\" src=\"http:\/\/www.doskay.de\/wp-content\/uploads\/2019\/05\/kay_klein_kl.png\" alt=\"\" class=\"wp-image-110\"\/><\/figure><div class=\"wp-block-media-text__content\">\n<p class=\"has-normal-font-size\">Kay Grebenstein arbeitet als Tester und agiler QA-Coach f\u00fcr die Saxonia Systems AG, Dresden. Er hat in den letzten Jahren in Projekten unterschiedlicher fachlicher Dom\u00e4nen (Telekommunikation, Industrie, Versandhandel, Energie, \u2026) Qualit\u00e4t gesichert und Software getestet. Weitere Informationen zu Kay Grebenstein k\u00f6nnen Sie seinen Onlineprofilen entnehmen, deren Links sich im Navigationsbereich dieser Seite befinden.  <\/p>\n<\/div><\/div>\n\n\n\n<div style=\"height:138px\" aria-hidden=\"true\" class=\"wp-block-spacer\"><\/div>\n\n\n<div id=\"WebPartWPQ2\" class=\"ms-WPBody\">\n<p>Die Schwerpunkte dieses Blogs liegen auf den Test- und <strong>Qualit\u00e4tssicherungsprozessen.<\/strong> Mein&nbsp;Ziel besteht darin, die t\u00e4glichen Erfahrungen aus verschiedenen&nbsp;Projekteins\u00e4tzen als&nbsp;Softwaretester und die daraus gewonnen&nbsp;Erkenntnisse zu teilen.&nbsp;Ein weiteres Thema sind Werkzeuge und Tools f\u00fcr das Testmanagement, die automatisierte Testdurchf\u00fchrung sowie f\u00fcr Last- und Performanztest.<\/p>\n<p>Das \u201eQualit\u00e4tsmanagement\u201c besitzt viele Schnittstellen, aber auch viele \u00dcberlappungen zu den anderen Fachgebieten. Deswegen ist die interdisziplin\u00e4re Zusammenarbeit mit den anderen Kompetenzteams eine wichtige Aufgabe, um Erfahrungen und Erkenntnisse aller Teams \u00fcbergreifend bekanntzumachen und einzusetzen.<\/p>\n<p>Nat\u00fcrlich ist der Softwaretest nicht mein ganzes Leben. Deswegen wird es auch Eintr\u00e4ge zu anderen Themen geben.<\/p>\n<\/div>","protected":false},"excerpt":{"rendered":"<p>Kay Grebenstein arbeitet als Tester und agiler QA-Coach f\u00fcr die Saxonia Systems AG, Dresden. Er hat in den letzten Jahren in Projekten unterschiedlicher fachlicher Dom\u00e4nen (Telekommunikation, Industrie, Versandhandel, Energie, \u2026) Qualit\u00e4t gesichert und Software getestet. Weitere Informationen zu Kay Grebenstein k\u00f6nnen Sie seinen Onlineprofilen entnehmen, deren Links sich im Navigationsbereich dieser Seite befinden. Die Schwerpunkte [&hellip;]<\/p>\n","protected":false},"author":1,"featured_media":0,"parent":0,"menu_order":0,"comment_status":"closed","ping_status":"closed","template":"","meta":[],"_links":{"self":[{"href":"https:\/\/www.doskay.de\/index.php?rest_route=\/wp\/v2\/pages\/23"}],"collection":[{"href":"https:\/\/www.doskay.de\/index.php?rest_route=\/wp\/v2\/pages"}],"about":[{"href":"https:\/\/www.doskay.de\/index.php?rest_route=\/wp\/v2\/types\/page"}],"author":[{"embeddable":true,"href":"https:\/\/www.doskay.de\/index.php?rest_route=\/wp\/v2\/users\/1"}],"replies":[{"embeddable":true,"href":"https:\/\/www.doskay.de\/index.php?rest_route=%2Fwp%2Fv2%2Fcomments&post=23"}],"version-history":[{"count":6,"href":"https:\/\/www.doskay.de\/index.php?rest_route=\/wp\/v2\/pages\/23\/revisions"}],"predecessor-version":[{"id":125,"href":"https:\/\/www.doskay.de\/index.php?rest_route=\/wp\/v2\/pages\/23\/revisions\/125"}],"wp:attachment":[{"href":"https:\/\/www.doskay.de\/index.php?rest_route=%2Fwp%2Fv2%2Fmedia&parent=23"}],"curies":[{"name":"wp","href":"https:\/\/api.w.org\/{rel}","templated":true}]}}